{"id":34,"date":"2015-10-28T15:50:59","date_gmt":"2015-10-28T15:50:59","guid":{"rendered":"http:\/\/kemencesudvar.eu\/de\/?page_id=34"},"modified":"2015-10-28T15:50:59","modified_gmt":"2015-10-28T15:50:59","slug":"bemutatkozas-de","status":"publish","type":"page","link":"https:\/\/kemencesudvar.eu\/de\/","title":{"rendered":"Bemutatkoz\u00e1s [de]"},"content":{"rendered":"<p>Liebe Besucher!<\/p>\n<p>Wer gerne Zala kennen lernen m\u00f6chte &#8211; das Land der H\u00fcgel, der W\u00e4lder, der Rehe und Hirsche \u2013 dessen freundliche Aufmerksamkeit lenke ich gerne auf das Dorf Zalamerenye mit seinem traditionellen Keramik-Ofen und Rastplatz der dort auch angemietet werden kann. Planen Sie einen Besuch im Waldbezirk des s\u00fcdlichen Zala, einem Urlaub in Zalakaros, oder einfach einen Familienausflug oder sogar ein Arbeitsplatzprogramm. Sie werden die Gelegenheit bekommen, alles das zu entdecken, was eine der sch\u00f6nsten H\u00fcgellandschaften unseres Heimatlandes, des Kleinen Balaton, verbirgt und so interessant macht. Die kleinen Ansiedlungen, die sich in der Umgebung von Zalakaros finden, sind eine Anh\u00e4ufung des Erbes von Jahrhunderten. Bei uns, in der malerischen und nat\u00fcrlichen Umgebung k\u00f6nnen Sie sich sowohl f\u00fcr kurze Zeit ausruhen oder auch ein mehrt\u00e4giges Programm organisieren. F\u00fcr die Unterkunft in der Nacht empfehlen wir auch ausdr\u00fccklich unsere Yurte.<\/p>\n<p>Weitere Ausk\u00fcnfte oder Anfragen zur Verf\u00fcgbarkeit finden Sie bei den unten angef\u00fchrten M\u00f6glichkeiten:<br \/>\n+36-30- 277-1406<br \/>\n+36-93-340-475<br \/>\nodor.agota@gmail.com<br \/>\nAdresse: 8747 Zalamerenye J\u00f3kai u. 14.<br \/>\nKoordinaten: \u00c9.sz. 46.575810, K.h. 17.092151<\/p>\n","protected":false},"excerpt":{"rendered":"<p>Liebe Besucher! Wer gerne Zala kennen lernen m\u00f6chte &#8211; das Land der H\u00fcgel, der W\u00e4lder,<a class=\"post_read_more\" href=\"https:\/\/kemencesudvar.eu\/de\/\">Read More<\/a><\/p>\n","protected":false},"author":1,"featured_media":0,"parent":0,"menu_order":0,"comment_status":"closed","ping_status":"closed","template":"","meta":{"footnotes":""},"class_list":["post-34","page","type-page","status-publish","hentry"],"_links":{"self":[{"href":"https:\/\/kemencesudvar.eu\/de\/wp-json\/wp\/v2\/pages\/34","targetHints":{"allow":["GET"]}}],"collection":[{"href":"https:\/\/kemencesudvar.eu\/de\/wp-json\/wp\/v2\/pages"}],"about":[{"href":"https:\/\/kemencesudvar.eu\/de\/wp-json\/wp\/v2\/types\/page"}],"author":[{"embeddable":true,"href":"https:\/\/kemencesudvar.eu\/de\/wp-json\/wp\/v2\/users\/1"}],"replies":[{"embeddable":true,"href":"https:\/\/kemencesudvar.eu\/de\/wp-json\/wp\/v2\/comments?post=34"}],"version-history":[{"count":0,"href":"https:\/\/kemencesudvar.eu\/de\/wp-json\/wp\/v2\/pages\/34\/revisions"}],"wp:attachment":[{"href":"https:\/\/kemencesudvar.eu\/de\/wp-json\/wp\/v2\/media?parent=34"}],"curies":[{"name":"wp","href":"https:\/\/api.w.org\/{rel}","templated":true}]}}